{"id":2706,"date":"2016-10-18T14:05:32","date_gmt":"2016-10-18T12:05:32","guid":{"rendered":"https:\/\/renierishotel.gr\/?page_id=2706"},"modified":"2025-03-19T21:35:03","modified_gmt":"2025-03-19T19:35:03","slug":"umwelt","status":"publish","type":"page","link":"https:\/\/renierishotel.gr\/de\/umwelt\/","title":{"rendered":"Umwelt"},"content":{"rendered":"\n<style type=\"text\/css\" data-created_by=\"avia_inline_auto\" id=\"style-css-av-44tkgi-c85df5181398fd09f7048e9e2fd03a4f\">\n.flex_column.av-44tkgi-c85df5181398fd09f7048e9e2fd03a4f{\nborder-radius:0px 0px 0px 0px;\npadding:0px 0px 0px 0px;\n}\n<\/style>\n<div  class='flex_column av-44tkgi-c85df5181398fd09f7048e9e2fd03a4f av_one_full  avia-builder-el-0  avia-builder-el-no-sibling  first flex_column_div av-zero-column-padding  '     ><section  class='av_textblock_section av-k4bthxb9-9fa6b37512d59276e1851f3a9cdbe735 '   itemscope=\"itemscope\" itemtype=\"https:\/\/schema.org\/CreativeWork\" ><div class='avia_textblock'  itemprop=\"text\" ><p class=\"MsoListParagraph\" style=\"text-align: justify; text-justify: inter-ideograph; text-indent: -18.0pt; line-height: normal; mso-list: l0 level1 lfo1;\"><span lang=\"DE\">\u00a0 \u00a0 Eines unserer Hauptziele im Renieris Hotel ist es, die Umwelt zu respektieren und zu sch\u00fctzen. Dazu haben wir folgendes implementiert und angenommen:<\/span><\/p>\n<ul>\n<li><span lang=\"DE\">Installierte 10kW Solar Panels auf unserem Dach f\u00fcr die Erzeugung von Elektrizit\u00e4t-unsere Energie-Statistiken finden Sie <a href=\"https:\/\/www.aesitelink.com\/PlantDetailsPublic.aspx?id=3559\" target=\"_blank\" rel=\"noopener\">hier<\/a><\/span><\/li>\n<li><span lang=\"DE\">85% des hei\u00dfen Wassers, das im Hotel verwendet wird, entsteht aus solarer Energie<\/span><\/li>\n<li><span lang=\"DE\">F\u00fcr Beleuchtung verwenden wir Economy-Gl\u00fchlampen und LED-Beleuchtung<\/span><\/li>\n<li><span lang=\"DE\">Die Stromversorgung wird in den R\u00e4umen automatisch ausgeschaltet, wenn Sie nicht genutzt wird<\/span><\/li>\n<li><span lang=\"DE\">Sorgf\u00e4ltig \u00fcberwachte Thermostate in der zentralen Warmwasser-Heizung<\/span><\/li>\n<li><span lang=\"DE\">W\u00e4rmed\u00e4mmung von Geb\u00e4uden und Einrichtungen zur Reduzierung des Energieverbrauchs (z.b. doppelt verglaste T\u00fcren und isolierte W\u00e4nde)<\/span><\/li>\n<li><span lang=\"DE\">Automatisches Wasser-System f\u00fcr den Garten, der nur in der Nacht funktioniert<\/span><\/li>\n<li><span lang=\"DE\">Die zentrale K\u00fcche des Hotels arbeitet mit effizienten Gas<\/span><\/li>\n<li><span lang=\"DE\">Recycling von Abf\u00e4llen und M\u00fcll (K\u00fcchen\u00f6le, Papier, Glas, Batterien, Tinte, Energie, etc.)<\/span><\/li>\n<li><span lang=\"DE\" style=\"text-align: justify; text-indent: -18pt;\">Unsere Dienstm\u00e4dchen trennen alle Abf\u00e4lle in Papier, Plastik, Glas und Aluminium<\/span><\/li>\n<\/ul>\n<\/div><\/section><br \/>\n<div  class='av-social-sharing-box av-2ltz0y-09c83acf317fb0db06dccbdb59785507 av-social-sharing-box-default  avia-builder-el-2  el_after_av_textblock  avia-builder-el-last  av-social-sharing-box-fullwidth'><div class=\"av-share-box\"><h5 class='av-share-link-description av-no-toc '>Teilen Sie diesen Eintrag<\/h5><ul class=\"av-share-box-list noLightbox\"><li class='av-share-link av-social-link-facebook avia_social_iconfont' ><a target=\"_blank\" aria-label=\"Teilen auf Facebook\" href='https:\/\/www.facebook.com\/sharer.php?u=https:\/\/renierishotel.gr\/de\/umwelt\/&#038;t=Umwelt' data-av_icon='\ue8f3' data-av_iconfont='entypo-fontello'  title='' data-avia-related-tooltip='Teilen auf Facebook'><span class='avia_hidden_link_text'>Teilen auf Facebook<\/span><\/a><\/li><li class='av-share-link av-social-link-twitter avia_social_iconfont' ><a target=\"_blank\" aria-label=\"Teilen auf X\" href='https:\/\/twitter.com\/share?text=Umwelt&#038;url=https:\/\/renierishotel.gr\/de\/?p=2706' data-av_icon='\ue932' data-av_iconfont='entypo-fontello'  title='' data-avia-related-tooltip='Teilen auf X'><span class='avia_hidden_link_text'>Teilen auf X<\/span><\/a><\/li><li class='av-share-link av-social-link-whatsapp avia_social_iconfont' ><a target=\"_blank\" aria-label=\"Teilen auf WhatsApp\" href='https:\/\/api.whatsapp.com\/send?text=https:\/\/renierishotel.gr\/de\/umwelt\/' data-av_icon='\uf232' data-av_iconfont='entypo-fontello'  title='' data-avia-related-tooltip='Teilen auf WhatsApp'><span class='avia_hidden_link_text'>Teilen auf WhatsApp<\/span><\/a><\/li><li class='av-share-link av-social-link-linkedin avia_social_iconfont' ><a target=\"_blank\" aria-label=\"Teilen auf LinkedIn\" href='https:\/\/linkedin.com\/shareArticle?mini=true&#038;title=Umwelt&#038;url=https:\/\/renierishotel.gr\/de\/umwelt\/' data-av_icon='\ue8fc' data-av_iconfont='entypo-fontello'  title='' data-avia-related-tooltip='Teilen auf LinkedIn'><span class='avia_hidden_link_text'>Teilen auf LinkedIn<\/span><\/a><\/li><li class='av-share-link av-social-link-mail avia_social_iconfont' ><a  aria-label=\"Per E-Mail teilen\" href='mailto:?subject=Umwelt&#038;body=https:\/\/renierishotel.gr\/de\/umwelt\/' data-av_icon='\ue805' data-av_iconfont='entypo-fontello'  title='' data-avia-related-tooltip='Per E-Mail teilen'><span class='avia_hidden_link_text'>Per E-Mail teilen<\/span><\/a><\/li><\/ul><\/div><\/div><\/p><\/div>\n","protected":false},"excerpt":{"rendered":"","protected":false},"author":2,"featured_media":0,"parent":0,"menu_order":0,"comment_status":"closed","ping_status":"closed","template":"","meta":{"footnotes":""},"class_list":["post-2706","page","type-page","status-publish","hentry"],"yoast_head":"<!-- This site is optimized with the Yoast SEO Premium plugin v15.1.2 - https:\/\/yoast.com\/wordpress\/plugins\/seo\/ -->\n<title>Renieris Hotel in Kato Stalos, Chania Crete - Ecology<\/title>\n<meta name=\"description\" content=\"The Renieris Hotel in Kato Stalos Chania sits upon a hill with a spectacular view of Kato Stalos beachfront and the blue Aegean Sea.\" \/>\n<meta name=\"robots\" content=\"index, follow, max-snippet:-1, max-image-preview:large, max-video-preview:-1\" \/>\n<link rel=\"canonical\" href=\"https:\/\/renierishotel.gr\/de\/umwelt\/\" \/>\n<meta property=\"og:locale\" content=\"de_DE\" \/>\n<meta property=\"og:type\" content=\"article\" \/>\n<meta property=\"og:title\" content=\"Renieris Hotel in Kato Stalos, Chania Crete - Ecology\" \/>\n<meta property=\"og:description\" content=\"The Renieris Hotel in Kato Stalos Chania sits upon a hill with a spectacular view of Kato Stalos beachfront and the blue Aegean Sea.\" \/>\n<meta property=\"og:url\" content=\"https:\/\/renierishotel.gr\/de\/umwelt\/\" \/>\n<meta property=\"og:site_name\" content=\"Renieris Hotel\" \/>\n<meta property=\"article:publisher\" content=\"https:\/\/www.facebook.com\/Renieris-Hotel-191812697525340\/?ref=ts&amp;fref=ts\" \/>\n<meta property=\"article:author\" content=\"https:\/\/www.facebook.com\/teokalogerakis\" \/>\n<meta property=\"article:modified_time\" content=\"2025-03-19T19:35:03+00:00\" \/>\n<meta property=\"og:image\" content=\"https:\/\/renierishotel.gr\/wp-content\/uploads\/2016\/10\/THE-HOTEL-15.jpg\" \/>\n\t<meta property=\"og:image:width\" content=\"800\" \/>\n\t<meta property=\"og:image:height\" content=\"532\" \/>\n<meta name=\"twitter:card\" content=\"summary\" \/>\n<meta name=\"twitter:creator\" content=\"@RenierisHotel\" \/>\n<meta name=\"twitter:site\" content=\"@RenierisHotel\" \/>\n<script type=\"application\/ld+json\" class=\"yoast-schema-graph\">{\"@context\":\"https:\/\/schema.org\",\"@graph\":[{\"@type\":\"Organization\",\"@id\":\"https:\/\/renierishotel.gr\/de\/#organization\",\"name\":\"Renieris Hotel\",\"url\":\"https:\/\/renierishotel.gr\/de\/\",\"sameAs\":[\"https:\/\/www.facebook.com\/Renieris-Hotel-191812697525340\/?ref=ts&amp;fref=ts\",\"https:\/\/www.instagram.com\/renierishotel\/\",\"https:\/\/www.youtube.com\/watch?v=duCl7DKn4mg&amp;t=1s\",\"https:\/\/twitter.com\/RenierisHotel\"],\"logo\":{\"@type\":\"ImageObject\",\"@id\":\"https:\/\/renierishotel.gr\/de\/#logo\",\"inLanguage\":\"de\",\"url\":\"https:\/\/renierishotel.gr\/wp-content\/uploads\/2018\/04\/340x156.png\",\"width\":340,\"height\":156,\"caption\":\"Renieris Hotel\"},\"image\":{\"@id\":\"https:\/\/renierishotel.gr\/de\/#logo\"}},{\"@type\":\"WebSite\",\"@id\":\"https:\/\/renierishotel.gr\/de\/#website\",\"url\":\"https:\/\/renierishotel.gr\/de\/\",\"name\":\"Renieris Hotel\",\"description\":\"Kato Stalos, Chania - Crete, Greece\",\"publisher\":{\"@id\":\"https:\/\/renierishotel.gr\/de\/#organization\"},\"potentialAction\":[{\"@type\":\"SearchAction\",\"target\":\"https:\/\/renierishotel.gr\/de\/?s={search_term_string}\",\"query-input\":\"required name=search_term_string\"}],\"inLanguage\":\"de\"},{\"@type\":\"WebPage\",\"@id\":\"https:\/\/renierishotel.gr\/de\/umwelt\/#webpage\",\"url\":\"https:\/\/renierishotel.gr\/de\/umwelt\/\",\"name\":\"Renieris Hotel in Kato Stalos, Chania Crete - Ecology\",\"isPartOf\":{\"@id\":\"https:\/\/renierishotel.gr\/de\/#website\"},\"datePublished\":\"2016-10-18T12:05:32+00:00\",\"dateModified\":\"2025-03-19T19:35:03+00:00\",\"description\":\"The Renieris Hotel in Kato Stalos Chania sits upon a hill with a spectacular view of Kato Stalos beachfront and the blue Aegean Sea.\",\"inLanguage\":\"de\",\"potentialAction\":[{\"@type\":\"ReadAction\",\"target\":[\"https:\/\/renierishotel.gr\/de\/umwelt\/\"]}]}]}<\/script>\n<!-- \/ Yoast SEO Premium plugin. -->","_links":{"self":[{"href":"https:\/\/renierishotel.gr\/de\/wp-json\/wp\/v2\/pages\/2706","targetHints":{"allow":["GET"]}}],"collection":[{"href":"https:\/\/renierishotel.gr\/de\/wp-json\/wp\/v2\/pages"}],"about":[{"href":"https:\/\/renierishotel.gr\/de\/wp-json\/wp\/v2\/types\/page"}],"author":[{"embeddable":true,"href":"https:\/\/renierishotel.gr\/de\/wp-json\/wp\/v2\/users\/2"}],"replies":[{"embeddable":true,"href":"https:\/\/renierishotel.gr\/de\/wp-json\/wp\/v2\/comments?post=2706"}],"version-history":[{"count":1,"href":"https:\/\/renierishotel.gr\/de\/wp-json\/wp\/v2\/pages\/2706\/revisions"}],"predecessor-version":[{"id":4788,"href":"https:\/\/renierishotel.gr\/de\/wp-json\/wp\/v2\/pages\/2706\/revisions\/4788"}],"wp:attachment":[{"href":"https:\/\/renierishotel.gr\/de\/wp-json\/wp\/v2\/media?parent=2706"}],"curies":[{"name":"wp","href":"https:\/\/api.w.org\/{rel}","templated":true}]}}