{"id":2704,"date":"2017-08-26T14:37:19","date_gmt":"2017-08-26T12:37:19","guid":{"rendered":"https:\/\/renierishotel.gr\/?page_id=2704"},"modified":"2020-10-28T06:02:59","modified_gmt":"2020-10-28T04:02:59","slug":"dienstleistungen","status":"publish","type":"page","link":"https:\/\/renierishotel.gr\/de\/dienstleistungen\/","title":{"rendered":"Dienstleistungen"},"content":{"rendered":"\n<style type=\"text\/css\" data-created_by=\"avia_inline_auto\" id=\"style-css-av-av_section-0d90d40d91024e91f36b3fdbec86ba90\">\n.avia-section.av-av_section-0d90d40d91024e91f36b3fdbec86ba90{\nbackground-repeat:no-repeat;\nbackground-image:url(https:\/\/renierishotel.gr\/wp-content\/uploads\/2016\/10\/THE-HOTEL-15-1.jpg);\nbackground-position:50% 50%;\nbackground-attachment:scroll;\n}\n<\/style>\n<div id='av_section_1'  class='avia-section av-av_section-0d90d40d91024e91f36b3fdbec86ba90 main_color avia-section-default avia-no-shadow  avia-builder-el-0  el_before_av_section  avia-builder-el-first  avia-full-stretch avia-bg-style-scroll av-minimum-height av-minimum-height-custom av-height-custom  container_wrap fullsize'  data-section-bg-repeat='stretch' data-av_minimum_height_px='250'><div class='container av-section-cont-open' style='height:250px'><main  role=\"main\" itemprop=\"mainContentOfPage\"  class='template-page content  av-content-full alpha units'><div class='post-entry post-entry-type-page post-entry-2704'><div class='entry-content-wrapper clearfix'>\n<\/div><\/div><\/main><!-- close content main element --><\/div><\/div><div id='av_section_2'  class='avia-section av-av_section-4812a9956d6b860f6d215a53234f5880 main_color avia-section-default avia-no-shadow  avia-builder-el-1  el_after_av_section  avia-builder-el-last  avia-bg-style-scroll container_wrap fullsize'  ><div class='container av-section-cont-open' ><div class='template-page content  av-content-full alpha units'><div class='post-entry post-entry-type-page post-entry-2704'><div class='entry-content-wrapper clearfix'>\n\n<style type=\"text\/css\" data-created_by=\"avia_inline_auto\" id=\"style-css-av-av_one_full-22bba59d9140f088083042f49ec7056f\">\n#top .flex_column.av-av_one_full-22bba59d9140f088083042f49ec7056f{\nmargin-top:-80px;\nmargin-bottom:0px;\n}\n.flex_column.av-av_one_full-22bba59d9140f088083042f49ec7056f{\nborder-radius:0px 0px 0px 0px;\npadding:30px 30px 30px 30px;\nbackground-color:#ffffff;\n}\n.responsive #top #wrap_all .flex_column.av-av_one_full-22bba59d9140f088083042f49ec7056f{\nmargin-top:-80px;\nmargin-bottom:0px;\n}\n<\/style>\n<div  class='flex_column av-av_one_full-22bba59d9140f088083042f49ec7056f av_one_full  avia-builder-el-2  el_before_av_hr  avia-builder-el-first  first flex_column_div  '     ><style type=\"text\/css\" data-created_by=\"avia_inline_auto\" id=\"style-css-av-av_heading-34ab44de322e0f332f447530acf54ec7\">\n#top .av-special-heading.av-av_heading-34ab44de322e0f332f447530acf54ec7{\npadding-bottom:20px;\nfont-size:40px;\n}\nbody .av-special-heading.av-av_heading-34ab44de322e0f332f447530acf54ec7 .av-special-heading-tag .heading-char{\nfont-size:25px;\n}\n#top #wrap_all .av-special-heading.av-av_heading-34ab44de322e0f332f447530acf54ec7 .av-special-heading-tag{\nfont-size:40px;\n}\n.av-special-heading.av-av_heading-34ab44de322e0f332f447530acf54ec7 .av-subheading{\nfont-size:20px;\n}\n\n@media only screen and (min-width: 480px) and (max-width: 767px){ \n#top #wrap_all .av-special-heading.av-av_heading-34ab44de322e0f332f447530acf54ec7 .av-special-heading-tag{\nfont-size:0.8em;\n}\n}\n\n@media only screen and (max-width: 479px){ \n#top #wrap_all .av-special-heading.av-av_heading-34ab44de322e0f332f447530acf54ec7 .av-special-heading-tag{\nfont-size:0.8em;\n}\n}\n<\/style>\n<div  class='av-special-heading av-av_heading-34ab44de322e0f332f447530acf54ec7 av-special-heading-h1 blockquote modern-quote modern-centered  avia-builder-el-3  avia-builder-el-no-sibling  av-inherit-size'><h1 class='av-special-heading-tag '  itemprop=\"headline\"  >Hotel Dienste <span class='special_amp'>&amp;<\/span> Einrichtungen<\/h1><div class=\"special-heading-border\"><div class=\"special-heading-inner-border\"><\/div><\/div><\/div><\/div>\n<style type=\"text\/css\" data-created_by=\"avia_inline_auto\" id=\"style-css-av-av_hr-812115d3180c0c47042ddd6ece9ff0ae\">\n#top .hr.av-av_hr-812115d3180c0c47042ddd6ece9ff0ae{\nmargin-top:0px;\nmargin-bottom:40px;\n}\n.hr.av-av_hr-812115d3180c0c47042ddd6ece9ff0ae .hr-inner{\nwidth:50px;\nborder-color:#f8f8f8;\nmax-width:45%;\n}\n.hr.av-av_hr-812115d3180c0c47042ddd6ece9ff0ae .av-seperator-icon{\ncolor:#4091e8;\n}\n.hr.av-av_hr-812115d3180c0c47042ddd6ece9ff0ae .av-seperator-icon.avia-svg-icon svg:first-child{\nfill:#4091e8;\nstroke:#4091e8;\n}\n<\/style>\n<div  class='hr av-av_hr-812115d3180c0c47042ddd6ece9ff0ae hr-custom  avia-builder-el-4  el_after_av_one_full  el_before_av_one_fifth  hr-center hr-icon-yes'><span class='hr-inner inner-border-av-border-fat'><span class=\"hr-inner-style\"><\/span><\/span><span class='av-seperator-icon avia-iconfont avia-font-entypo-fontello' data-av_icon='\ue8ce' data-av_iconfont='entypo-fontello' ><\/span><span class='hr-inner inner-border-av-border-fat'><span class=\"hr-inner-style\"><\/span><\/span><\/div>\n\n<style type=\"text\/css\" data-created_by=\"avia_inline_auto\" id=\"style-css-av-av_one_fifth-6126cab7d8fab8d08143dd2dacdf673c\">\n.flex_column.av-av_one_fifth-6126cab7d8fab8d08143dd2dacdf673c{\nborder-radius:0px 0px 0px 0px;\npadding:0px 0px 0px 0px;\n}\n<\/style>\n<div  class='flex_column av-av_one_fifth-6126cab7d8fab8d08143dd2dacdf673c av_one_fifth  avia-builder-el-5  el_after_av_hr  el_before_av_three_fifth  first flex_column_div av-zero-column-padding  '     ><\/div>\n<style type=\"text\/css\" data-created_by=\"avia_inline_auto\" id=\"style-css-av-av_three_fifth-0aa7055fe62c3622faec82866afbaeb2\">\n.flex_column.av-av_three_fifth-0aa7055fe62c3622faec82866afbaeb2{\nborder-radius:0px 0px 0px 0px;\npadding:0px 0px 0px 0px;\n}\n<\/style>\n<div  class='flex_column av-av_three_fifth-0aa7055fe62c3622faec82866afbaeb2 av_three_fifth  avia-builder-el-6  el_after_av_one_fifth  el_before_av_one_fifth  flex_column_div av-zero-column-padding  '     ><section  class='av_textblock_section av-av_textblock-c0362a5398905e3de9ed6bfa500ecfc4 '   itemscope=\"itemscope\" itemtype=\"https:\/\/schema.org\/CreativeWork\" ><div class='avia_textblock'  itemprop=\"text\" ><p><span lang=\"DE\">Unsere Kombination aus einer warmen, freundlichen Umgebung mit einer breiten Palette von Annehmlichkeiten wurde entworfen, um unseren G\u00e4sten zahlreiche M\u00f6glichkeiten zu bieten. Ob Sie gesch\u00e4ftlich oder privat bei uns wohnen, unser Hotel ist ausgestattet, um Ihren Aufenthalt perfekt zu machen:<\/span><\/p>\n<p><!-- &#091;if !supportLists&#093;--><span lang=\"EN-GB\">\u00a0 \u00b7\u00a0<\/span><span lang=\"EN-GB\">G\u00e4rten<\/span><\/p>\n<p><!-- &#091;if !supportLists&#093;--><span lang=\"EN-GB\">\u00a0 \u00b7\u00a0<\/span><span lang=\"EN-GB\">Schwimmbad im freien<\/span><\/p>\n<p><!-- &#091;if !supportLists&#093;--><span lang=\"EN-GB\">\u00a0 \u00b7\u00a0<\/span><span lang=\"EN-GB\">Mehrsprachiges Personal<\/span><\/p>\n<p><!-- &#091;if !supportLists&#093;--><span lang=\"DE\">\u00a0 \u00b7\u00a0<\/span><span lang=\"DE\">Fr\u00fchst\u00fcck vom 7:45 bis 10:50 mit frischen lokalen Produkten.<\/span><\/p>\n<p><!-- &#091;if !supportLists&#093;--><span lang=\"DE\">\u00a0 \u00b7\u00a0<\/span><span lang=\"DE\">Pool Bar Restaurant (ge\u00f6ffnet nach dem Fr\u00fchst\u00fcck bis 22:00 f\u00fcr frische S\u00e4fte, Snacks, Gerichte aus Kreta, Getr\u00e4nke)<\/span><\/p>\n<p><!-- &#091;if !supportLists&#093;--><span lang=\"DE\">\u00a0 \u00b7\u00a0<\/span><span lang=\"DE\">Zimmer-Service-Men\u00fc in unserem Pool Bar Restaurant von 11:00 bis 21:00<\/span><\/p>\n<p><!-- &#091;if !supportLists&#093;--><span lang=\"DE\">\u00a0 \u00b7\u00a0<\/span><span lang=\"DE\">Kostenloser, zuverl\u00e4ssiger Wi-Fi in allen \u00f6ffentlichen Bereichen<\/span><\/p>\n<p><!-- &#091;if !supportLists&#093;--><span lang=\"EN-GB\">\u00a0 \u00b7\u00a0<\/span><span lang=\"EN-GB\">Kostenloser Parkplatz im Hotel<\/span><\/p>\n<p><!-- &#091;if !supportLists&#093;--><span lang=\"DE\">\u00a0 \u00b7\u00a0<\/span><span lang=\"DE\">Kostenlose Reiseinformationen und Office-Dienste (z.b. Fotokopien, Abz\u00fcge, Boot-und Flugreisen Best\u00e4tigungen, und Exkursionen<\/span><\/p>\n<p><!-- &#091;if !supportLists&#093;--><span lang=\"DE\">\u00a0 \u00b7\u00a0<\/span><span lang=\"DE\">Autovermietung und Taxi-Service (Angebote von unseren Partnern)<\/span><\/p>\n<p><!-- &#091;if !supportLists&#093;--><span lang=\"DE\">\u00a0 \u00b7\u00a0<\/span><span lang=\"DE\">Private Massage (angeboten unsere Partner) im Zimmer des Gastes<\/span><\/p>\n<p><!-- &#091;if !supportLists&#093;--><span lang=\"EN-GB\">\u00a0 \u00b7\u00a0<\/span><span lang=\"EN-GB\">W\u00e4scherei und chemische Reinigung<\/span><\/p>\n<p><!-- &#091;if !supportLists&#093;--><span lang=\"EN-GB\">\u00a0 \u00b7\u00a0<\/span><span lang=\"EN-GB\">Bibliothek<\/span><\/p>\n<p><!-- &#091;if !supportLists&#093;--><s><span lang=\"EN-GB\">\u00a0 \u00b7\u00a0<\/span><\/s><span lang=\"EN-GB\">Kostenlose Karten<s><\/s><\/span><\/p>\n<p><!-- &#091;if !supportLists&#093;--><span lang=\"DE\">\u00a0 \u00b7\u00a0<\/span><span lang=\"DE\">Kostenlose Kaffee und Tee- Stationen w\u00e4hrend des Tages<\/span><\/p>\n<p><!-- &#091;if !supportLists&#093;--><span lang=\"DE\">\u00a0 \u00b7\u00a0<\/span><span lang=\"DE\">Kostenlose Gep\u00e4ck-Lagerung und kostenloser Gep\u00e4ck Transfer zur Bushaltestelle<\/span><\/p>\n<p><!-- &#091;if !supportLists&#093;--><span lang=\"DE\">\u00a0 \u00b7\u00a0<\/span><span lang=\"DE\">Schnelles Check-in und sp\u00e4tes Einchecken<\/span><\/p>\n<p><!-- &#091;if !supportLists&#093;--><span lang=\"EN-GB\">\u00a0 \u00b7\u00a0<\/span><span lang=\"EN-GB\">Flexibles Auschecken<\/span><\/p>\n<p><!-- &#091;if !supportLists&#093;--><span lang=\"DE\">\u00a0 \u00b7\u00a0<\/span><span lang=\"DE\">Alle Kredit-und Debitkarten werden akzeptiert<\/span><\/p>\n<p><!-- &#091;if !supportLists&#093;--><span lang=\"DE\">\u00a0 \u00b7\u00a0<\/span><span lang=\"DE\">Kostenloser Internet-Zugangspunkt mit Computer<\/span><\/p>\n<p><!-- &#091;if !supportLists&#093;--><span lang=\"EN-GB\">\u00a0 \u00b7\u00a0<\/span><span lang=\"EN-GB\">Kostenlose Babybetten (auf Anfrage)<\/span><\/p>\n<p><!-- &#091;if !supportLists&#093;--><span lang=\"DE\">\u00a0 \u00b7\u00a0<\/span><span lang=\"DE\">Kostenlose Pool\/Strand Handt\u00fccher verf\u00fcgbar<\/span><\/p>\n<p><span lang=\"DE\">\u00a0\u00a0<\/span>\u00b7<span lang=\"DE\">\u00a0<\/span>Fr\u00fchst\u00fcck zum Mitnehmen f\u00fcr Fr\u00fchabreiseude<\/p>\n<p>\u00b7\u00a0Alle Gerichte auf Wunsch zum Mitnehmen<\/p>\n<p><span lang=\"DE\">Renieris Hotel ist ein Familienbetrieb, deshalb k\u00fcmmern wir uns um unsere G\u00e4ste, als w\u00e4ren Sie Mitglieder unserer Familie.<\/span><\/p>\n<p><span lang=\"FR\">Wir bieten Ihnen folgende Zimmer:<\/span><\/p>\n<p><!-- &#091;if !supportLists&#093;--><span lang=\"EN-GB\">\u00a0 \u00b7\u00a0<\/span><span lang=\"EN-GB\">Bequeme Matratzen von Candia Strom (Onar Soft Plus)<\/span><\/p>\n<p><!-- &#091;if !supportLists&#093;--><span lang=\"DE\">\u00a0 \u00b7\u00a0<\/span><span lang=\"DE\">Eigenes Badezimmer mit Dusche in allen R\u00e4umen<\/span><\/p>\n<p><!-- &#091;if !supportLists&#093;--><span lang=\"EN-GB\">\u00a0 \u00b7\u00a0<\/span><span lang=\"EN-GB\">Shampoo und Seife <\/span><\/p>\n<p><!-- &#091;if !supportLists&#093;--><span lang=\"DE\">\u00a0 \u00b7\u00a0<\/span><span lang=\"DE\">Individuell regulierbare Klimaanlage (je nach Jahreszeit kalt oder hei\u00df)<\/span><\/p>\n<p><!-- &#091;if !supportLists&#093;--><span lang=\"DE\">\u00a0 \u00b7\u00a0<\/span><span lang=\"DE\">Kostenfreie Flasche Wasser bei der Anreise<\/span><\/p>\n<p><!-- &#091;if !supportLists&#093;--><span lang=\"DE\">\u00a0 \u00b7\u00a0<\/span><span lang=\"DE\">kostenloses und zuverl\u00e4ssiges WLAN<\/span><\/p>\n<p><!-- &#091;if !supportLists&#093;--><span lang=\"EN-GB\">\u00a0 \u00b7\u00a0<\/span><span lang=\"EN-GB\">Telefon mit direktem Telefonanschluss<\/span><\/p>\n<p><!-- &#091;if !supportLists&#093;--><s><span lang=\"EN-GB\">\u00a0 \u00b7\u00a0<\/span><\/s><span lang=\"EN-GB\">Safe<s><\/s><\/span><\/p>\n<p><!-- &#091;if !supportLists&#093;--><s><span lang=\"EN-GB\">\u00a0 \u00b7\u00a0<\/span><\/s><span lang=\"EN-GB\">F\u00f6hn<s><\/s><\/span><\/p>\n<p><!-- &#091;if !supportLists&#093;--><span lang=\"DE\">\u00a0 \u00b7\u00a0<\/span><span lang=\"DE\">32-Zoll-LED-TVs mit Satelliten-Kan\u00e4len<\/span><\/p>\n<p><!-- &#091;if !supportLists&#093;--><span lang=\"DE\">\u00a0 \u00b7\u00a0<\/span><span lang=\"DE\">Bettw\u00e4sche und Handt\u00fccher werden alle 2 Tage gewechselt; die G\u00e4ste k\u00f6nnen entscheiden, ob es \u00f6fter sein soll<\/span><\/p>\n<p><span lang=\"DE\">\u00a0\u00a0<\/span>\u00b7 M\u00f6blierter Balkon oder Terrasse<\/p>\n<p><span lang=\"DE\"><span style=\"text-align: justify; text-indent: -24px;\">\u00a0 \u00b7\u00a0Weckdienst<\/span><\/span><\/p>\n<\/div><\/section><\/div>\n<style type=\"text\/css\" data-created_by=\"avia_inline_auto\" id=\"style-css-av-av_one_fifth-0aa7055fe62c3622faec82866afbaeb2\">\n.flex_column.av-av_one_fifth-0aa7055fe62c3622faec82866afbaeb2{\nborder-radius:0px 0px 0px 0px;\npadding:0px 0px 0px 0px;\n}\n<\/style>\n<div  class='flex_column av-av_one_fifth-0aa7055fe62c3622faec82866afbaeb2 av_one_fifth  avia-builder-el-8  el_after_av_three_fifth  el_before_av_one_fifth  flex_column_div av-zero-column-padding  '     ><\/div>\n<style type=\"text\/css\" data-created_by=\"avia_inline_auto\" id=\"style-css-av-av_one_fifth-15d750bd1b332b34c6e70b077ebbccdf\">\n.flex_column.av-av_one_fifth-15d750bd1b332b34c6e70b077ebbccdf{\nborder-radius:0px 0px 0px 0px;\npadding:0px 0px 0px 0px;\n}\n<\/style>\n<div  class='flex_column av-av_one_fifth-15d750bd1b332b34c6e70b077ebbccdf av_one_fifth  avia-builder-el-9  el_after_av_one_fifth  el_before_av_three_fifth  first flex_column_div av-zero-column-padding  column-top-margin'     ><\/div>\n<style type=\"text\/css\" data-created_by=\"avia_inline_auto\" id=\"style-css-av-av_three_fifth-c8fc129dc35fd1ae2a1e410224d39ea8\">\n.flex_column.av-av_three_fifth-c8fc129dc35fd1ae2a1e410224d39ea8{\nborder-radius:0px 0px 0px 0px;\npadding:0px 0px 0px 0px;\n}\n<\/style>\n<div  class='flex_column av-av_three_fifth-c8fc129dc35fd1ae2a1e410224d39ea8 av_three_fifth  avia-builder-el-10  el_after_av_one_fifth  el_before_av_one_fifth  flex_column_div av-zero-column-padding  column-top-margin'     ><div  class='av-social-sharing-box av-av_social_share-ce0e3724d8e0cd87d300d7c2fdee0c12 av-social-sharing-box-default  avia-builder-el-11  avia-builder-el-no-sibling  av-social-sharing-box-fullwidth'><div class=\"av-share-box\"><h5 class='av-share-link-description av-no-toc '>Teilen Sie diesen Eintrag<\/h5><ul class=\"av-share-box-list noLightbox\"><li class='av-share-link av-social-link-facebook avia_social_iconfont' ><a target=\"_blank\" aria-label=\"Teilen auf Facebook\" href='https:\/\/www.facebook.com\/sharer.php?u=https:\/\/renierishotel.gr\/de\/dienstleistungen\/&#038;t=Dienstleistungen' data-av_icon='\ue8f3' data-av_iconfont='entypo-fontello'  title='' data-avia-related-tooltip='Teilen auf Facebook'><span class='avia_hidden_link_text'>Teilen auf Facebook<\/span><\/a><\/li><li class='av-share-link av-social-link-twitter avia_social_iconfont' ><a target=\"_blank\" aria-label=\"Teilen auf X\" href='https:\/\/twitter.com\/share?text=Dienstleistungen&#038;url=https:\/\/renierishotel.gr\/de\/?p=2704' data-av_icon='\ue932' data-av_iconfont='entypo-fontello'  title='' data-avia-related-tooltip='Teilen auf X'><span class='avia_hidden_link_text'>Teilen auf X<\/span><\/a><\/li><li class='av-share-link av-social-link-whatsapp avia_social_iconfont' ><a target=\"_blank\" aria-label=\"Teilen auf WhatsApp\" href='https:\/\/api.whatsapp.com\/send?text=https:\/\/renierishotel.gr\/de\/dienstleistungen\/' data-av_icon='\uf232' data-av_iconfont='entypo-fontello'  title='' data-avia-related-tooltip='Teilen auf WhatsApp'><span class='avia_hidden_link_text'>Teilen auf WhatsApp<\/span><\/a><\/li><li class='av-share-link av-social-link-linkedin avia_social_iconfont' ><a target=\"_blank\" aria-label=\"Teilen auf LinkedIn\" href='https:\/\/linkedin.com\/shareArticle?mini=true&#038;title=Dienstleistungen&#038;url=https:\/\/renierishotel.gr\/de\/dienstleistungen\/' data-av_icon='\ue8fc' data-av_iconfont='entypo-fontello'  title='' data-avia-related-tooltip='Teilen auf LinkedIn'><span class='avia_hidden_link_text'>Teilen auf LinkedIn<\/span><\/a><\/li><li class='av-share-link av-social-link-mail avia_social_iconfont' ><a  aria-label=\"Per E-Mail teilen\" href='mailto:?subject=Dienstleistungen&#038;body=https:\/\/renierishotel.gr\/de\/dienstleistungen\/' data-av_icon='\ue805' data-av_iconfont='entypo-fontello'  title='' data-avia-related-tooltip='Per E-Mail teilen'><span class='avia_hidden_link_text'>Per E-Mail teilen<\/span><\/a><\/li><\/ul><\/div><\/div><\/div>\n<style type=\"text\/css\" data-created_by=\"avia_inline_auto\" id=\"style-css-av-av_one_fifth-c8fc129dc35fd1ae2a1e410224d39ea8\">\n.flex_column.av-av_one_fifth-c8fc129dc35fd1ae2a1e410224d39ea8{\nborder-radius:0px 0px 0px 0px;\npadding:0px 0px 0px 0px;\n}\n<\/style>\n<div  class='flex_column av-av_one_fifth-c8fc129dc35fd1ae2a1e410224d39ea8 av_one_fifth  avia-builder-el-12  el_after_av_three_fifth  avia-builder-el-last  flex_column_div av-zero-column-padding  column-top-margin'     ><\/div>\n","protected":false},"excerpt":{"rendered":"","protected":false},"author":2,"featured_media":0,"parent":0,"menu_order":0,"comment_status":"closed","ping_status":"closed","template":"","meta":{"footnotes":""},"class_list":["post-2704","page","type-page","status-publish","hentry"],"yoast_head":"<!-- This site is optimized with the Yoast SEO Premium plugin v15.1.2 - https:\/\/yoast.com\/wordpress\/plugins\/seo\/ -->\n<title>Einrichtungen - Renieris Hotel - Kato Stalos, Chania, Kreta - Griechenland<\/title>\n<meta name=\"description\" content=\"Suchen Sie Hotels in Chania mit vielen Einrichtungen - Swimmingpool, Fr\u00fchst\u00fcck, Bar, Restaurant, Wifi, kostenlose Babybetten? Mehr erfahren.\" \/>\n<meta name=\"robots\" content=\"index, follow, max-snippet:-1, max-image-preview:large, max-video-preview:-1\" \/>\n<link rel=\"canonical\" href=\"https:\/\/renierishotel.gr\/de\/dienstleistungen\/\" \/>\n<meta property=\"og:locale\" content=\"de_DE\" \/>\n<meta property=\"og:type\" content=\"article\" \/>\n<meta property=\"og:title\" content=\"Einrichtungen - Renieris Hotel - Kato Stalos, Chania, Kreta - Griechenland\" \/>\n<meta property=\"og:description\" content=\"Suchen Sie Hotels in Chania mit vielen Einrichtungen - Swimmingpool, Fr\u00fchst\u00fcck, Bar, Restaurant, Wifi, kostenlose Babybetten? Mehr erfahren.\" \/>\n<meta property=\"og:url\" content=\"https:\/\/renierishotel.gr\/de\/dienstleistungen\/\" \/>\n<meta property=\"og:site_name\" content=\"Renieris Hotel\" \/>\n<meta property=\"article:publisher\" content=\"https:\/\/www.facebook.com\/Renieris-Hotel-191812697525340\/?ref=ts&amp;fref=ts\" \/>\n<meta property=\"article:author\" content=\"https:\/\/www.facebook.com\/teokalogerakis\" \/>\n<meta property=\"article:modified_time\" content=\"2020-10-28T04:02:59+00:00\" \/>\n<meta property=\"og:image\" content=\"https:\/\/renierishotel.gr\/wp-content\/uploads\/2016\/10\/THE-HOTEL-15.jpg\" \/>\n\t<meta property=\"og:image:width\" content=\"800\" \/>\n\t<meta property=\"og:image:height\" content=\"532\" \/>\n<meta name=\"twitter:card\" content=\"summary\" \/>\n<meta name=\"twitter:creator\" content=\"@RenierisHotel\" \/>\n<meta name=\"twitter:site\" content=\"@RenierisHotel\" \/>\n<script type=\"application\/ld+json\" class=\"yoast-schema-graph\">{\"@context\":\"https:\/\/schema.org\",\"@graph\":[{\"@type\":\"Organization\",\"@id\":\"https:\/\/renierishotel.gr\/de\/#organization\",\"name\":\"Renieris Hotel\",\"url\":\"https:\/\/renierishotel.gr\/de\/\",\"sameAs\":[\"https:\/\/www.facebook.com\/Renieris-Hotel-191812697525340\/?ref=ts&amp;fref=ts\",\"https:\/\/www.instagram.com\/renierishotel\/\",\"https:\/\/www.youtube.com\/watch?v=duCl7DKn4mg&amp;t=1s\",\"https:\/\/twitter.com\/RenierisHotel\"],\"logo\":{\"@type\":\"ImageObject\",\"@id\":\"https:\/\/renierishotel.gr\/de\/#logo\",\"inLanguage\":\"de\",\"url\":\"https:\/\/renierishotel.gr\/wp-content\/uploads\/2018\/04\/340x156.png\",\"width\":340,\"height\":156,\"caption\":\"Renieris Hotel\"},\"image\":{\"@id\":\"https:\/\/renierishotel.gr\/de\/#logo\"}},{\"@type\":\"WebSite\",\"@id\":\"https:\/\/renierishotel.gr\/de\/#website\",\"url\":\"https:\/\/renierishotel.gr\/de\/\",\"name\":\"Renieris Hotel\",\"description\":\"Kato Stalos, Chania - Crete, Greece\",\"publisher\":{\"@id\":\"https:\/\/renierishotel.gr\/de\/#organization\"},\"potentialAction\":[{\"@type\":\"SearchAction\",\"target\":\"https:\/\/renierishotel.gr\/de\/?s={search_term_string}\",\"query-input\":\"required name=search_term_string\"}],\"inLanguage\":\"de\"},{\"@type\":\"WebPage\",\"@id\":\"https:\/\/renierishotel.gr\/de\/dienstleistungen\/#webpage\",\"url\":\"https:\/\/renierishotel.gr\/de\/dienstleistungen\/\",\"name\":\"Einrichtungen - Renieris Hotel - Kato Stalos, Chania, Kreta - Griechenland\",\"isPartOf\":{\"@id\":\"https:\/\/renierishotel.gr\/de\/#website\"},\"datePublished\":\"2017-08-26T12:37:19+00:00\",\"dateModified\":\"2020-10-28T04:02:59+00:00\",\"description\":\"Suchen Sie Hotels in Chania mit vielen Einrichtungen - Swimmingpool, Fr\\u00fchst\\u00fcck, Bar, Restaurant, Wifi, kostenlose Babybetten? Mehr erfahren.\",\"inLanguage\":\"de\",\"potentialAction\":[{\"@type\":\"ReadAction\",\"target\":[\"https:\/\/renierishotel.gr\/de\/dienstleistungen\/\"]}]}]}<\/script>\n<!-- \/ Yoast SEO Premium plugin. -->","_links":{"self":[{"href":"https:\/\/renierishotel.gr\/de\/wp-json\/wp\/v2\/pages\/2704","targetHints":{"allow":["GET"]}}],"collection":[{"href":"https:\/\/renierishotel.gr\/de\/wp-json\/wp\/v2\/pages"}],"about":[{"href":"https:\/\/renierishotel.gr\/de\/wp-json\/wp\/v2\/types\/page"}],"author":[{"embeddable":true,"href":"https:\/\/renierishotel.gr\/de\/wp-json\/wp\/v2\/users\/2"}],"replies":[{"embeddable":true,"href":"https:\/\/renierishotel.gr\/de\/wp-json\/wp\/v2\/comments?post=2704"}],"version-history":[{"count":0,"href":"https:\/\/renierishotel.gr\/de\/wp-json\/wp\/v2\/pages\/2704\/revisions"}],"wp:attachment":[{"href":"https:\/\/renierishotel.gr\/de\/wp-json\/wp\/v2\/media?parent=2704"}],"curies":[{"name":"wp","href":"https:\/\/api.w.org\/{rel}","templated":true}]}}