{"id":2701,"date":"2017-08-26T14:37:29","date_gmt":"2017-08-26T12:37:29","guid":{"rendered":"https:\/\/renierishotel.gr\/?page_id=2701"},"modified":"2017-08-31T04:11:58","modified_gmt":"2017-08-31T02:11:58","slug":"lage","status":"publish","type":"page","link":"https:\/\/renierishotel.gr\/de\/lage\/","title":{"rendered":"Lage"},"content":{"rendered":"\n<style type=\"text\/css\" data-created_by=\"avia_inline_auto\" id=\"style-css-av-av_section-3b6d2ddedaa2cb438b89d235fbb86b9e\">\n.avia-section.av-av_section-3b6d2ddedaa2cb438b89d235fbb86b9e{\nbackground-repeat:no-repeat;\nbackground-image:url(https:\/\/renierishotel.gr\/wp-content\/uploads\/2016\/10\/THE-HOTEL-5.jpg);\nbackground-position:50% 50%;\nbackground-attachment:scroll;\n}\n<\/style>\n<div id='av_section_1'  class='avia-section av-av_section-3b6d2ddedaa2cb438b89d235fbb86b9e main_color avia-section-default avia-no-shadow  avia-builder-el-0  el_before_av_section  avia-builder-el-first  avia-full-stretch avia-bg-style-scroll av-minimum-height av-minimum-height-custom av-height-custom  container_wrap fullsize'  data-section-bg-repeat='stretch' data-av_minimum_height_px='250'><div class='container av-section-cont-open' style='height:250px'><main  role=\"main\" itemprop=\"mainContentOfPage\"  class='template-page content  av-content-full alpha units'><div class='post-entry post-entry-type-page post-entry-2701'><div class='entry-content-wrapper clearfix'>\n<\/div><\/div><\/main><!-- close content main element --><\/div><\/div><div id='av_section_2'  class='avia-section av-av_section-4812a9956d6b860f6d215a53234f5880 main_color avia-section-default avia-no-shadow  avia-builder-el-1  el_after_av_section  el_before_av_social_share  avia-bg-style-scroll container_wrap fullsize'  ><div class='container av-section-cont-open' ><div class='template-page content  av-content-full alpha units'><div class='post-entry post-entry-type-page post-entry-2701'><div class='entry-content-wrapper clearfix'>\n\n<style type=\"text\/css\" data-created_by=\"avia_inline_auto\" id=\"style-css-av-av_one_full-22bba59d9140f088083042f49ec7056f\">\n#top .flex_column.av-av_one_full-22bba59d9140f088083042f49ec7056f{\nmargin-top:-80px;\nmargin-bottom:0px;\n}\n.flex_column.av-av_one_full-22bba59d9140f088083042f49ec7056f{\nborder-radius:0px 0px 0px 0px;\npadding:30px 30px 30px 30px;\nbackground-color:#ffffff;\n}\n.responsive #top #wrap_all .flex_column.av-av_one_full-22bba59d9140f088083042f49ec7056f{\nmargin-top:-80px;\nmargin-bottom:0px;\n}\n<\/style>\n<div  class='flex_column av-av_one_full-22bba59d9140f088083042f49ec7056f av_one_full  avia-builder-el-2  el_before_av_hr  avia-builder-el-first  first flex_column_div  '     ><style type=\"text\/css\" data-created_by=\"avia_inline_auto\" id=\"style-css-av-av_heading-96331e73ee4fcd4c2ec436b82ac5bc20\">\n#top .av-special-heading.av-av_heading-96331e73ee4fcd4c2ec436b82ac5bc20{\npadding-bottom:20px;\nfont-size:40px;\n}\nbody .av-special-heading.av-av_heading-96331e73ee4fcd4c2ec436b82ac5bc20 .av-special-heading-tag .heading-char{\nfont-size:25px;\n}\n#top #wrap_all .av-special-heading.av-av_heading-96331e73ee4fcd4c2ec436b82ac5bc20 .av-special-heading-tag{\nfont-size:40px;\n}\n.av-special-heading.av-av_heading-96331e73ee4fcd4c2ec436b82ac5bc20 .av-subheading{\nfont-size:20px;\n}\n\n@media only screen and (min-width: 480px) and (max-width: 767px){ \n#top #wrap_all .av-special-heading.av-av_heading-96331e73ee4fcd4c2ec436b82ac5bc20 .av-special-heading-tag{\nfont-size:0.8em;\n}\n}\n\n@media only screen and (max-width: 479px){ \n#top #wrap_all .av-special-heading.av-av_heading-96331e73ee4fcd4c2ec436b82ac5bc20 .av-special-heading-tag{\nfont-size:0.8em;\n}\n}\n<\/style>\n<div  class='av-special-heading av-av_heading-96331e73ee4fcd4c2ec436b82ac5bc20 av-special-heading-h1 blockquote modern-quote modern-centered  avia-builder-el-3  avia-builder-el-no-sibling  av-inherit-size'><h1 class='av-special-heading-tag '  itemprop=\"headline\"  >Lage<\/h1><div class=\"special-heading-border\"><div class=\"special-heading-inner-border\"><\/div><\/div><\/div><\/div>\n<style type=\"text\/css\" data-created_by=\"avia_inline_auto\" id=\"style-css-av-av_hr-812115d3180c0c47042ddd6ece9ff0ae\">\n#top .hr.av-av_hr-812115d3180c0c47042ddd6ece9ff0ae{\nmargin-top:0px;\nmargin-bottom:40px;\n}\n.hr.av-av_hr-812115d3180c0c47042ddd6ece9ff0ae .hr-inner{\nwidth:50px;\nborder-color:#f8f8f8;\nmax-width:45%;\n}\n.hr.av-av_hr-812115d3180c0c47042ddd6ece9ff0ae .av-seperator-icon{\ncolor:#4091e8;\n}\n.hr.av-av_hr-812115d3180c0c47042ddd6ece9ff0ae .av-seperator-icon.avia-svg-icon svg:first-child{\nfill:#4091e8;\nstroke:#4091e8;\n}\n<\/style>\n<div  class='hr av-av_hr-812115d3180c0c47042ddd6ece9ff0ae hr-custom  avia-builder-el-4  el_after_av_one_full  el_before_av_textblock  hr-center hr-icon-yes'><span class='hr-inner inner-border-av-border-fat'><span class=\"hr-inner-style\"><\/span><\/span><span class='av-seperator-icon avia-iconfont avia-font-entypo-fontello' data-av_icon='\ue8ce' data-av_iconfont='entypo-fontello' ><\/span><span class='hr-inner inner-border-av-border-fat'><span class=\"hr-inner-style\"><\/span><\/span><\/div>\n<section  class='av_textblock_section av-av_textblock-2de302bf1aa3cf4c9157dbe6f50ac7eb '   itemscope=\"itemscope\" itemtype=\"https:\/\/schema.org\/CreativeWork\" ><div class='avia_textblock'  itemprop=\"text\" ><p>Kato Stalos (Lower Stalos) ist ein touristisches Dorf am Strand, 7 km westlich der historischen Stadt Chania (XANIA) gelegen. Der unber\u00fchrte Sandstrand wurde jedes Jahr seit [&#8212;] mit der renommierten EU Blue Flag ausgezeichnet, und ist gut organisiert mit guten Einrichtungen zum Entspannen und Spa\u00df haben. Es gibt reichlich Cafes und Restaurants entlang der Hauptstra\u00dfe und vieles mehr direkt am Strand, sowie zahlreiche Superm\u00e4rkte und Orte, um traditionelle Kreta Produkte zu kaufen.<\/p>\n<\/div><\/section>\n<div  class='av_gmaps_sc_main_wrap av_gmaps_main_wrap '><div id='av_gmap_0' class='avia-google-map-container avia-google-map-sc av_gmaps_show_unconditionally av-no-fallback-img ' data-mapid='av_gmap_0'  style='height: 400px;'><a class=\"av_gmaps_browser_disabled av_text_confirm_link av_text_confirm_link_visible\" href=\"https:\/\/www.google.com\/maps\/search\/?api=1&#038;query=Lofos%20Psathi%201%20%20Chania%20%20Greece\" target=\"_blank\">Aufgrund deiner Datenschutz-Einstellungen k\u00f6nnen wir Ihnen die Karte nicht anzeigen. Klicken Sie hier, um die Karte in einem neuen Fenster zu \u00f6ffnen.<\/a><\/div><\/div>\n<section  class='av_textblock_section av-av_textblock-2de302bf1aa3cf4c9157dbe6f50ac7eb '   itemscope=\"itemscope\" itemtype=\"https:\/\/schema.org\/CreativeWork\" ><div class='avia_textblock'  itemprop=\"text\" ><p>Kato Stalos und Umgebung ist der perfekte Ort, um Entspannung und Unterhaltung zu kombinieren, mit einer Auswahl an ruhigen Familie Restaurants in der N&auml;he des Hotels. In den nahegelegenen D&ouml;rfern Platanias und Agia Marina finden Sie ein intensives Nachtleben. F&uuml;r eine noch breitere Auswahl an Kultur, Kunst, Souvenirs, Essen und Musik, ist Chania nur 10 Minuten mit dem Taxi entfernt. 1,5 Kilometer entfernt und 150 Meter &uuml;ber dem Meeresspiegel liegt das Dorf von Pano Stalos (Oberes Stalos), ein traditionelles Dorf mit einzigartiger nat&uuml;rlicher Sch&ouml;nheit und malerischer Aussicht. Es hat nicht nur einen Panoramablick auf die Gegend, sondern auch traditionelle Restaurants, die lokale Gerichte aus Kreta servieren, f&uuml;r ein unvergessliches Erlebnis. Gegen&uuml;ber Kato Stalos ist die kleine Insel Agioi Theodori, ein Ort, wo die seltene Kreta-Ziege, genannt Kri-kri, heutzutage gez&uuml;chtet wird.<\/p>\n<p class=\"MsoNormal\" style=\"margin-bottom: 0.0001pt; line-height: normal; text-align: justify;\">Es gibt alle 15 Minuten einen regelm&auml;&szlig;igen Bus-Service nach und von Chania alle. Die Lage des Dorfes in der N&auml;he der Nationalstra&szlig;e (E75), die die L&auml;nge von Kreta hat, bietet eine ausgezeichnete Verkehrsanbindung zum Flughafen und F&auml;hrhafen von Chania. Es bietet auch die M&ouml;glichkeit, schnell und einfach zu reisen, um eine unglaubliche Reihe von historischen St&auml;tten und Bereiche von herausragender nat&uuml;rlicher Sch&ouml;nheit des westlichen Kretas und die Ausl&auml;ufer der Lefka Ori (Wei&szlig;e Berge) zu sehen.<\/p>\n<p class=\"MsoNormal\" style=\"margin-bottom: 0.0001pt; line-height: normal; text-align: justify;\">Lofos Psathi 1, Kato Stalos Chania &ndash; Crete, Greece 73100<\/p>\n<\/div><\/section>\n<\/div><\/div><\/div><!-- close content main div --><\/div><\/div><div id='after_section_2'  class='main_color av_default_container_wrap container_wrap fullsize'  ><div class='container av-section-cont-open' ><div class='template-page content  av-content-full alpha units'><div class='post-entry post-entry-type-page post-entry-2701'><div class='entry-content-wrapper clearfix'><div  class='av-social-sharing-box av-av_social_share-ce0e3724d8e0cd87d300d7c2fdee0c12 av-social-sharing-box-default  avia-builder-el-8  el_after_av_section  avia-builder-el-no-sibling  av-social-sharing-box-fullwidth'><div class=\"av-share-box\"><h5 class='av-share-link-description av-no-toc '>Teilen Sie diesen Eintrag<\/h5><ul class=\"av-share-box-list noLightbox\"><li class='av-share-link av-social-link-facebook avia_social_iconfont' ><a target=\"_blank\" aria-label=\"Teilen auf Facebook\" href='https:\/\/www.facebook.com\/sharer.php?u=https:\/\/renierishotel.gr\/de\/lage\/&#038;t=Lage' data-av_icon='\ue8f3' data-av_iconfont='entypo-fontello'  title='' data-avia-related-tooltip='Teilen auf Facebook'><span class='avia_hidden_link_text'>Teilen auf Facebook<\/span><\/a><\/li><li class='av-share-link av-social-link-twitter avia_social_iconfont' ><a target=\"_blank\" aria-label=\"Teilen auf X\" href='https:\/\/twitter.com\/share?text=Lage&#038;url=https:\/\/renierishotel.gr\/de\/?p=2701' data-av_icon='\ue932' data-av_iconfont='entypo-fontello'  title='' data-avia-related-tooltip='Teilen auf X'><span class='avia_hidden_link_text'>Teilen auf X<\/span><\/a><\/li><li class='av-share-link av-social-link-whatsapp avia_social_iconfont' ><a target=\"_blank\" aria-label=\"Teilen auf WhatsApp\" href='https:\/\/api.whatsapp.com\/send?text=https:\/\/renierishotel.gr\/de\/lage\/' data-av_icon='\uf232' data-av_iconfont='entypo-fontello'  title='' data-avia-related-tooltip='Teilen auf WhatsApp'><span class='avia_hidden_link_text'>Teilen auf WhatsApp<\/span><\/a><\/li><li class='av-share-link av-social-link-linkedin avia_social_iconfont' ><a target=\"_blank\" aria-label=\"Teilen auf LinkedIn\" href='https:\/\/linkedin.com\/shareArticle?mini=true&#038;title=Lage&#038;url=https:\/\/renierishotel.gr\/de\/lage\/' data-av_icon='\ue8fc' data-av_iconfont='entypo-fontello'  title='' data-avia-related-tooltip='Teilen auf LinkedIn'><span class='avia_hidden_link_text'>Teilen auf LinkedIn<\/span><\/a><\/li><li class='av-share-link av-social-link-mail avia_social_iconfont' ><a  aria-label=\"Per E-Mail teilen\" href='mailto:?subject=Lage&#038;body=https:\/\/renierishotel.gr\/de\/lage\/' data-av_icon='\ue805' data-av_iconfont='entypo-fontello'  title='' data-avia-related-tooltip='Per E-Mail teilen'><span class='avia_hidden_link_text'>Per E-Mail teilen<\/span><\/a><\/li><\/ul><\/div><\/div><\/p>\n","protected":false},"excerpt":{"rendered":"","protected":false},"author":2,"featured_media":0,"parent":0,"menu_order":0,"comment_status":"closed","ping_status":"closed","template":"","meta":{"footnotes":""},"class_list":["post-2701","page","type-page","status-publish","hentry"],"yoast_head":"<!-- This site is optimized with the Yoast SEO Premium plugin v15.1.2 - https:\/\/yoast.com\/wordpress\/plugins\/seo\/ -->\n<title>Renieris Hotel in Kato Stalos, Chania Crete - Location<\/title>\n<meta name=\"description\" content=\"The Renieris Hotel in Kato Stalos Chania sits upon a hill with a spectacular view of Kato Stalos beachfront and the blue Aegean Sea.\" \/>\n<meta name=\"robots\" content=\"index, follow, max-snippet:-1, max-image-preview:large, max-video-preview:-1\" \/>\n<link rel=\"canonical\" href=\"https:\/\/renierishotel.gr\/de\/lage\/\" \/>\n<meta property=\"og:locale\" content=\"de_DE\" \/>\n<meta property=\"og:type\" content=\"article\" \/>\n<meta property=\"og:title\" content=\"Renieris Hotel in Kato Stalos, Chania Crete - Location\" \/>\n<meta property=\"og:description\" content=\"The Renieris Hotel in Kato Stalos Chania sits upon a hill with a spectacular view of Kato Stalos beachfront and the blue Aegean Sea.\" \/>\n<meta property=\"og:url\" content=\"https:\/\/renierishotel.gr\/de\/lage\/\" \/>\n<meta property=\"og:site_name\" content=\"Renieris Hotel\" \/>\n<meta property=\"article:publisher\" content=\"https:\/\/www.facebook.com\/Renieris-Hotel-191812697525340\/?ref=ts&amp;fref=ts\" \/>\n<meta property=\"article:author\" content=\"https:\/\/www.facebook.com\/teokalogerakis\" \/>\n<meta property=\"article:modified_time\" content=\"2017-08-31T02:11:58+00:00\" \/>\n<meta property=\"og:image\" content=\"https:\/\/renierishotel.gr\/wp-content\/uploads\/2016\/10\/THE-HOTEL-15.jpg\" \/>\n\t<meta property=\"og:image:width\" content=\"800\" \/>\n\t<meta property=\"og:image:height\" content=\"532\" \/>\n<meta name=\"twitter:card\" content=\"summary\" \/>\n<meta name=\"twitter:creator\" content=\"@RenierisHotel\" \/>\n<meta name=\"twitter:site\" content=\"@RenierisHotel\" \/>\n<script type=\"application\/ld+json\" class=\"yoast-schema-graph\">{\"@context\":\"https:\/\/schema.org\",\"@graph\":[{\"@type\":\"Organization\",\"@id\":\"https:\/\/renierishotel.gr\/de\/#organization\",\"name\":\"Renieris Hotel\",\"url\":\"https:\/\/renierishotel.gr\/de\/\",\"sameAs\":[\"https:\/\/www.facebook.com\/Renieris-Hotel-191812697525340\/?ref=ts&amp;fref=ts\",\"https:\/\/www.instagram.com\/renierishotel\/\",\"https:\/\/www.youtube.com\/watch?v=duCl7DKn4mg&amp;t=1s\",\"https:\/\/twitter.com\/RenierisHotel\"],\"logo\":{\"@type\":\"ImageObject\",\"@id\":\"https:\/\/renierishotel.gr\/de\/#logo\",\"inLanguage\":\"de\",\"url\":\"https:\/\/renierishotel.gr\/wp-content\/uploads\/2018\/04\/340x156.png\",\"width\":340,\"height\":156,\"caption\":\"Renieris Hotel\"},\"image\":{\"@id\":\"https:\/\/renierishotel.gr\/de\/#logo\"}},{\"@type\":\"WebSite\",\"@id\":\"https:\/\/renierishotel.gr\/de\/#website\",\"url\":\"https:\/\/renierishotel.gr\/de\/\",\"name\":\"Renieris Hotel\",\"description\":\"Kato Stalos, Chania - Crete, Greece\",\"publisher\":{\"@id\":\"https:\/\/renierishotel.gr\/de\/#organization\"},\"potentialAction\":[{\"@type\":\"SearchAction\",\"target\":\"https:\/\/renierishotel.gr\/de\/?s={search_term_string}\",\"query-input\":\"required name=search_term_string\"}],\"inLanguage\":\"de\"},{\"@type\":\"WebPage\",\"@id\":\"https:\/\/renierishotel.gr\/de\/lage\/#webpage\",\"url\":\"https:\/\/renierishotel.gr\/de\/lage\/\",\"name\":\"Renieris Hotel in Kato Stalos, Chania Crete - Location\",\"isPartOf\":{\"@id\":\"https:\/\/renierishotel.gr\/de\/#website\"},\"datePublished\":\"2017-08-26T12:37:29+00:00\",\"dateModified\":\"2017-08-31T02:11:58+00:00\",\"description\":\"The Renieris Hotel in Kato Stalos Chania sits upon a hill with a spectacular view of Kato Stalos beachfront and the blue Aegean Sea.\",\"inLanguage\":\"de\",\"potentialAction\":[{\"@type\":\"ReadAction\",\"target\":[\"https:\/\/renierishotel.gr\/de\/lage\/\"]}]}]}<\/script>\n<!-- \/ Yoast SEO Premium plugin. -->","_links":{"self":[{"href":"https:\/\/renierishotel.gr\/de\/wp-json\/wp\/v2\/pages\/2701","targetHints":{"allow":["GET"]}}],"collection":[{"href":"https:\/\/renierishotel.gr\/de\/wp-json\/wp\/v2\/pages"}],"about":[{"href":"https:\/\/renierishotel.gr\/de\/wp-json\/wp\/v2\/types\/page"}],"author":[{"embeddable":true,"href":"https:\/\/renierishotel.gr\/de\/wp-json\/wp\/v2\/users\/2"}],"replies":[{"embeddable":true,"href":"https:\/\/renierishotel.gr\/de\/wp-json\/wp\/v2\/comments?post=2701"}],"version-history":[{"count":0,"href":"https:\/\/renierishotel.gr\/de\/wp-json\/wp\/v2\/pages\/2701\/revisions"}],"wp:attachment":[{"href":"https:\/\/renierishotel.gr\/de\/wp-json\/wp\/v2\/media?parent=2701"}],"curies":[{"name":"wp","href":"https:\/\/api.w.org\/{rel}","templated":true}]}}